{"id":1370,"date":"2026-01-15T23:20:29","date_gmt":"2026-01-15T21:20:29","guid":{"rendered":"https:\/\/www.oululines.fi\/?page_id=1370"},"modified":"2026-05-04T08:49:13","modified_gmt":"2026-05-04T05:49:13","slug":"ms-alexandra","status":"publish","type":"page","link":"https:\/\/www.oululines.fi\/en\/alukset\/ms-alexandra\/","title":{"rendered":"M\/S Alexandra"},"content":{"rendered":"<div data-elementor-type=\"wp-page\" data-elementor-id=\"1370\" class=\"elementor elementor-1370\" data-elementor-post-type=\"page\">\n\t\t\t\t\t\t<section class=\"elementor-section elementor-top-section elementor-element elementor-element-7a79065c elementor-section-height-min-height elementor-section-boxed elementor-section-height-default elementor-section-items-middle\" data-id=\"7a79065c\" data-element_type=\"section\" data-e-type=\"section\" data-settings=\"{&quot;background_background&quot;:&quot;classic&quot;}\">\n\t\t\t\t\t\t\t<div class=\"elementor-background-overlay\"><\/div>\n\t\t\t\t\t\t\t<div class=\"elementor-container elementor-column-gap-no\">\n\t\t\t\t\t<div class=\"elementor-column elementor-col-100 elementor-top-column elementor-element elementor-element-5cb76126 elementor-hidden-tablet elementor-hidden-mobile\" data-id=\"5cb76126\" data-element_type=\"column\" data-e-type=\"column\">\n\t\t\t<div class=\"elementor-widget-wrap\">\n\t\t\t\t\t\t\t<\/div>\n\t\t<\/div>\n\t\t\t\t\t<\/div>\n\t\t<\/section>\n\t\t\t\t<section class=\"elementor-section elementor-top-section elementor-element elementor-element-1ead3e8 elementor-section-boxed elementor-section-height-default elementor-section-height-default\" data-id=\"1ead3e8\" data-element_type=\"section\" data-e-type=\"section\">\n\t\t\t\t\t\t<div class=\"elementor-container elementor-column-gap-no\">\n\t\t\t\t\t<div class=\"elementor-column elementor-col-100 elementor-top-column elementor-element elementor-element-7c825f8 elementor-invisible\" data-id=\"7c825f8\" data-element_type=\"column\" data-e-type=\"column\" data-settings=\"{&quot;animation&quot;:&quot;fadeInUp&quot;,&quot;animation_delay&quot;:&quot;500&quot;}\">\n\t\t\t<div class=\"elementor-widget-wrap elementor-element-populated\">\n\t\t\t\t\t<div class=\"elementor-background-overlay\"><\/div>\n\t\t\t\t\t\t<div class=\"elementor-element elementor-element-a232a96 elementor-widget elementor-widget-heading\" data-id=\"a232a96\" data-element_type=\"widget\" data-e-type=\"widget\" data-widget_type=\"heading.default\">\n\t\t\t\t\t<h3 class=\"elementor-heading-title elementor-size-default\">M\/S Alexandra<\/h3>\t\t\t\t<\/div>\n\t\t\t\t<div class=\"elementor-element elementor-element-3896af7 elementor-widget elementor-widget-text-editor\" data-id=\"3896af7\" data-element_type=\"widget\" data-e-type=\"widget\" data-widget_type=\"text-editor.default\">\n\t\t\t\t\t\t\t\t\t<p>Built in 1997 and refurbished in 2002, the ship offers practical and versatile facilities for a variety of cruises and events. Measuring 24 metres in length and 6.7 metres in width, it provides spacious areas both indoors and out.<\/p>\n<p>With a draught of 2.2 metres and a gross tonnage of 150, the ship ensures a stable and comfortable journey. It is powered by two main engines rated at 550 horsepower each (2 \u00d7 400 kW), while a 90-horsepower (65 kW) auxiliary engine supports reliable operation.<\/p>\n<p>The ship has seating both indoors and outdoors for 140 guests. In addition, it features a private cabinet for 24 people for smaller occasions, as well as a sauna for seven \u2014 a perfect extra touch for relaxing during the cruise.<\/p>\t\t\t\t\t\t\t\t<\/div>\n\t\t\t\t<div class=\"elementor-element elementor-element-ba708db elementor-widget elementor-widget-image\" data-id=\"ba708db\" data-element_type=\"widget\" data-e-type=\"widget\" data-widget_type=\"image.default\">\n\t\t\t\t\t\t\t\t\t\t\t\t\t\t\t<img fetchpriority=\"high\" decoding=\"async\" width=\"768\" height=\"576\" src=\"https:\/\/www.oululines.fi\/wp-content\/uploads\/2026\/04\/Oulu-Lines-\u2013-Alexandra_torilla.webp\" class=\"attachment-full size-full wp-image-1716\" alt=\"\" srcset=\"https:\/\/www.oululines.fi\/wp-content\/uploads\/2026\/04\/Oulu-Lines-\u2013-Alexandra_torilla.webp 768w, https:\/\/www.oululines.fi\/wp-content\/uploads\/2026\/04\/Oulu-Lines-\u2013-Alexandra_torilla-300x225.webp 300w, https:\/\/www.oululines.fi\/wp-content\/uploads\/2026\/04\/Oulu-Lines-\u2013-Alexandra_torilla-16x12.webp 16w, https:\/\/www.oululines.fi\/wp-content\/uploads\/2026\/04\/Oulu-Lines-\u2013-Alexandra_torilla-600x450.webp 600w\" sizes=\"(max-width: 768px) 100vw, 768px\" \/>\t\t\t\t\t\t\t\t\t\t\t\t\t\t\t<\/div>\n\t\t\t\t<section class=\"elementor-section elementor-inner-section elementor-element elementor-element-1570d52 elementor-section-boxed elementor-section-height-default elementor-section-height-default\" data-id=\"1570d52\" data-element_type=\"section\" data-e-type=\"section\" data-settings=\"{&quot;background_background&quot;:&quot;classic&quot;}\">\n\t\t\t\t\t\t<div class=\"elementor-container elementor-column-gap-no\">\n\t\t\t\t\t<div class=\"elementor-column elementor-col-50 elementor-inner-column elementor-element elementor-element-b707096\" data-id=\"b707096\" data-element_type=\"column\" data-e-type=\"column\">\n\t\t\t<div class=\"elementor-widget-wrap elementor-element-populated\">\n\t\t\t\t\t\t<div class=\"elementor-element elementor-element-7a73614 elementor-widget elementor-widget-heading\" data-id=\"7a73614\" data-element_type=\"widget\" data-e-type=\"widget\" data-widget_type=\"heading.default\">\n\t\t\t\t\t<h4 class=\"elementor-heading-title elementor-size-default\">Ship information<\/h4>\t\t\t\t<\/div>\n\t\t\t\t<div class=\"elementor-element elementor-element-f90efa8 elementor-widget elementor-widget-text-editor\" data-id=\"f90efa8\" data-element_type=\"widget\" data-e-type=\"widget\" data-widget_type=\"text-editor.default\">\n\t\t\t\t\t\t\t\t\t<p>\ud83d\udea2 Built: 1997 (refurbished in 2002)<\/p><p>\ud83c\udfd7\ufe0f  Built by: Kellon Ter\u00e4svene Ky, Haukipudas<\/p><p>\ud83d\udccf Length: 24 m<\/p><p>\ud83d\udcd0 Beam: 6.7 m<\/p><p>\ud83c\udf0a Draught: 2.2 m<\/p><p>\u2696\ufe0f Gross tonnage: 150 GT<\/p><p>\u2699\ufe0f Main engines: 2 \u00d7 400 kW (approx. 550 hp), auxiliary engine: 65 kW (approx. 90 hp)<\/p><p>\ud83d\udc65  Capacity<\/p><p>\ud83e\ude91 Indoor seating: 140 seats<br \/>\ud83c\udf24\ufe0f Outdoor seating: 140 seats<br \/>\ud83d\udeaa Private cabinet: 24 persons<br \/>\ud83e\uddd6 Sauna: 7 persons<\/p>\t\t\t\t\t\t\t\t<\/div>\n\t\t\t\t\t<\/div>\n\t\t<\/div>\n\t\t\t\t<div class=\"elementor-column elementor-col-50 elementor-inner-column elementor-element elementor-element-dbdd7bd\" data-id=\"dbdd7bd\" data-element_type=\"column\" data-e-type=\"column\">\n\t\t\t<div class=\"elementor-widget-wrap elementor-element-populated\">\n\t\t\t\t\t\t<div class=\"elementor-element elementor-element-9c96e28 elementor-widget elementor-widget-image\" data-id=\"9c96e28\" data-element_type=\"widget\" data-e-type=\"widget\" data-widget_type=\"image.default\">\n\t\t\t\t\t\t\t\t\t\t\t\t\t\t\t<img decoding=\"async\" width=\"350\" height=\"196\" src=\"https:\/\/www.oululines.fi\/wp-content\/uploads\/2026\/03\/Alexandra_pohjapiirros-1.webp\" class=\"attachment-full size-full wp-image-1066\" alt=\"\" srcset=\"https:\/\/www.oululines.fi\/wp-content\/uploads\/2026\/03\/Alexandra_pohjapiirros-1.webp 350w, https:\/\/www.oululines.fi\/wp-content\/uploads\/2026\/03\/Alexandra_pohjapiirros-1-300x168.webp 300w\" sizes=\"(max-width: 350px) 100vw, 350px\" \/>\t\t\t\t\t\t\t\t\t\t\t\t\t\t\t<\/div>\n\t\t\t\t<div class=\"elementor-element elementor-element-1cc8b8e elementor-widget elementor-widget-image\" data-id=\"1cc8b8e\" data-element_type=\"widget\" data-e-type=\"widget\" data-widget_type=\"image.default\">\n\t\t\t\t\t\t\t\t\t\t\t\t\t\t\t<img decoding=\"async\" width=\"350\" height=\"215\" src=\"https:\/\/www.oululines.fi\/wp-content\/uploads\/2026\/03\/Alexandra_pohjapiirros-2.webp\" class=\"attachment-full size-full wp-image-1067\" alt=\"\" srcset=\"https:\/\/www.oululines.fi\/wp-content\/uploads\/2026\/03\/Alexandra_pohjapiirros-2.webp 350w, https:\/\/www.oululines.fi\/wp-content\/uploads\/2026\/03\/Alexandra_pohjapiirros-2-300x184.webp 300w\" sizes=\"(max-width: 350px) 100vw, 350px\" \/>\t\t\t\t\t\t\t\t\t\t\t\t\t\t\t<\/div>\n\t\t\t\t\t<\/div>\n\t\t<\/div>\n\t\t\t\t\t<\/div>\n\t\t<\/section>\n\t\t\t\t<section class=\"elementor-section elementor-inner-section elementor-element elementor-element-6b9c7d0 elementor-section-boxed elementor-section-height-default elementor-section-height-default\" data-id=\"6b9c7d0\" data-element_type=\"section\" data-e-type=\"section\" data-settings=\"{&quot;background_background&quot;:&quot;classic&quot;}\">\n\t\t\t\t\t\t<div class=\"elementor-container elementor-column-gap-no\">\n\t\t\t\t\t<div class=\"elementor-column elementor-col-100 elementor-inner-column elementor-element elementor-element-285513b\" data-id=\"285513b\" data-element_type=\"column\" data-e-type=\"column\">\n\t\t\t<div class=\"elementor-widget-wrap elementor-element-populated\">\n\t\t\t\t\t\t<div class=\"elementor-element elementor-element-3734821 elementor-widget elementor-widget-gallery\" data-id=\"3734821\" data-element_type=\"widget\" data-e-type=\"widget\" data-settings=\"{&quot;columns&quot;:3,&quot;gap&quot;:{&quot;unit&quot;:&quot;px&quot;,&quot;size&quot;:15,&quot;sizes&quot;:[]},&quot;gap_mobile&quot;:{&quot;unit&quot;:&quot;px&quot;,&quot;size&quot;:15,&quot;sizes&quot;:[]},&quot;aspect_ratio&quot;:&quot;1:1&quot;,&quot;lazyload&quot;:&quot;yes&quot;,&quot;gallery_layout&quot;:&quot;grid&quot;,&quot;columns_tablet&quot;:2,&quot;columns_mobile&quot;:1,&quot;gap_tablet&quot;:{&quot;unit&quot;:&quot;px&quot;,&quot;size&quot;:10,&quot;sizes&quot;:[]},&quot;overlay_background&quot;:&quot;yes&quot;,&quot;content_hover_animation&quot;:&quot;fade-in&quot;}\" data-widget_type=\"gallery.default\">\n\t\t\t\t\t\t\t<div class=\"elementor-gallery__container\">\n\t\t\t\t\t\t\t<div class=\"e-gallery-item elementor-gallery-item elementor-animated-content\">\n\t\t\t\t\t<div class=\"e-gallery-image elementor-gallery-item__image\" data-thumbnail=\"https:\/\/www.oululines.fi\/wp-content\/uploads\/2026\/04\/20180519_104656-768x576.webp\" data-width=\"768\" data-height=\"576\" aria-label=\"\" role=\"img\" ><\/div>\n\t\t\t\t\t\t\t\t\t\t\t<div class=\"elementor-gallery-item__overlay\"><\/div>\n\t\t\t\t\t\t\t\t\t\t\t\t\t\t<\/div>\n\t\t\t\t\t\t\t<div class=\"e-gallery-item elementor-gallery-item elementor-animated-content\">\n\t\t\t\t\t<div class=\"e-gallery-image elementor-gallery-item__image\" data-thumbnail=\"https:\/\/www.oululines.fi\/wp-content\/uploads\/2026\/04\/002-768x576.webp\" data-width=\"768\" data-height=\"576\" aria-label=\"\" role=\"img\" ><\/div>\n\t\t\t\t\t\t\t\t\t\t\t<div class=\"elementor-gallery-item__overlay\"><\/div>\n\t\t\t\t\t\t\t\t\t\t\t\t\t\t<\/div>\n\t\t\t\t\t\t\t<div class=\"e-gallery-item elementor-gallery-item elementor-animated-content\">\n\t\t\t\t\t<div class=\"e-gallery-image elementor-gallery-item__image\" data-thumbnail=\"https:\/\/www.oululines.fi\/wp-content\/uploads\/2026\/04\/005-768x576.webp\" data-width=\"768\" data-height=\"576\" aria-label=\"\" role=\"img\" ><\/div>\n\t\t\t\t\t\t\t\t\t\t\t<div class=\"elementor-gallery-item__overlay\"><\/div>\n\t\t\t\t\t\t\t\t\t\t\t\t\t\t<\/div>\n\t\t\t\t\t\t\t<div class=\"e-gallery-item elementor-gallery-item elementor-animated-content\">\n\t\t\t\t\t<div class=\"e-gallery-image elementor-gallery-item__image\" data-thumbnail=\"https:\/\/www.oululines.fi\/wp-content\/uploads\/2026\/04\/007-768x576.webp\" data-width=\"768\" data-height=\"576\" aria-label=\"\" role=\"img\" ><\/div>\n\t\t\t\t\t\t\t\t\t\t\t<div class=\"elementor-gallery-item__overlay\"><\/div>\n\t\t\t\t\t\t\t\t\t\t\t\t\t\t<\/div>\n\t\t\t\t\t\t\t<div class=\"e-gallery-item elementor-gallery-item elementor-animated-content\">\n\t\t\t\t\t<div class=\"e-gallery-image elementor-gallery-item__image\" data-thumbnail=\"https:\/\/www.oululines.fi\/wp-content\/uploads\/2026\/04\/008-768x576.webp\" data-width=\"768\" data-height=\"576\" aria-label=\"\" role=\"img\" ><\/div>\n\t\t\t\t\t\t\t\t\t\t\t<div class=\"elementor-gallery-item__overlay\"><\/div>\n\t\t\t\t\t\t\t\t\t\t\t\t\t\t<\/div>\n\t\t\t\t\t\t\t<div class=\"e-gallery-item elementor-gallery-item elementor-animated-content\">\n\t\t\t\t\t<div class=\"e-gallery-image elementor-gallery-item__image\" data-thumbnail=\"https:\/\/www.oululines.fi\/wp-content\/uploads\/2026\/04\/20180606_183047-768x576.webp\" data-width=\"768\" data-height=\"576\" aria-label=\"\" role=\"img\" ><\/div>\n\t\t\t\t\t\t\t\t\t\t\t<div class=\"elementor-gallery-item__overlay\"><\/div>\n\t\t\t\t\t\t\t\t\t\t\t\t\t\t<\/div>\n\t\t\t\t\t\t\t<div class=\"e-gallery-item elementor-gallery-item elementor-animated-content\">\n\t\t\t\t\t<div class=\"e-gallery-image elementor-gallery-item__image\" data-thumbnail=\"https:\/\/www.oululines.fi\/wp-content\/uploads\/2026\/04\/028-768x576.webp\" data-width=\"768\" data-height=\"576\" aria-label=\"\" role=\"img\" ><\/div>\n\t\t\t\t\t\t\t\t\t\t\t<div class=\"elementor-gallery-item__overlay\"><\/div>\n\t\t\t\t\t\t\t\t\t\t\t\t\t\t<\/div>\n\t\t\t\t\t\t\t<div class=\"e-gallery-item elementor-gallery-item elementor-animated-content\">\n\t\t\t\t\t<div class=\"e-gallery-image elementor-gallery-item__image\" data-thumbnail=\"https:\/\/www.oululines.fi\/wp-content\/uploads\/2026\/04\/kabinetti_kokoustilat.webp\" data-width=\"160\" data-height=\"150\" aria-label=\"\" role=\"img\" ><\/div>\n\t\t\t\t\t\t\t\t\t\t\t<div class=\"elementor-gallery-item__overlay\"><\/div>\n\t\t\t\t\t\t\t\t\t\t\t\t\t\t<\/div>\n\t\t\t\t\t\t\t<div class=\"e-gallery-item elementor-gallery-item elementor-animated-content\">\n\t\t\t\t\t<div class=\"e-gallery-image elementor-gallery-item__image\" data-thumbnail=\"https:\/\/www.oululines.fi\/wp-content\/uploads\/2026\/04\/kabinetti.webp\" data-width=\"160\" data-height=\"150\" aria-label=\"\" role=\"img\" ><\/div>\n\t\t\t\t\t\t\t\t\t\t\t<div class=\"elementor-gallery-item__overlay\"><\/div>\n\t\t\t\t\t\t\t\t\t\t\t\t\t\t<\/div>\n\t\t\t\t\t<\/div>\n\t\t\t\t\t<\/div>\n\t\t\t\t\t<\/div>\n\t\t<\/div>\n\t\t\t\t\t<\/div>\n\t\t<\/section>\n\t\t\t\t\t<\/div>\n\t\t<\/div>\n\t\t\t\t\t<\/div>\n\t\t<\/section>\n\t\t\t\t<\/div>","protected":false},"excerpt":{"rendered":"<p>M\/S Alexandra Alus on rakennettu vuonna 1997 ja uudistettu vuonna 2002, tarjoten toimivat ja monipuoliset puitteet erilaisiin risteilyihin ja tilaisuuksiin. Sen 24 metrin pituus ja 6,7 metrin leveys mahdollistavat v\u00e4lj\u00e4t tilat sek\u00e4 sis\u00e4ll\u00e4 ett\u00e4 ulkona. Aluksen syv\u00e4ys on 2,2 metri\u00e4 ja uppouma 150 bruttotonnia, mik\u00e4 takaa vakaan ja miellytt\u00e4v\u00e4n matkanteon. Tehokkaasta kulusta vastaavat kaksi 550 [&hellip;]<\/p>\n","protected":false},"author":1,"featured_media":0,"parent":184,"menu_order":0,"comment_status":"closed","ping_status":"closed","template":"","meta":{"footnotes":""},"class_list":["post-1370","page","type-page","status-publish","hentry"],"jetpack_sharing_enabled":true,"_links":{"self":[{"href":"https:\/\/www.oululines.fi\/en\/wp-json\/wp\/v2\/pages\/1370","targetHints":{"allow":["GET"]}}],"collection":[{"href":"https:\/\/www.oululines.fi\/en\/wp-json\/wp\/v2\/pages"}],"about":[{"href":"https:\/\/www.oululines.fi\/en\/wp-json\/wp\/v2\/types\/page"}],"author":[{"embeddable":true,"href":"https:\/\/www.oululines.fi\/en\/wp-json\/wp\/v2\/users\/1"}],"replies":[{"embeddable":true,"href":"https:\/\/www.oululines.fi\/en\/wp-json\/wp\/v2\/comments?post=1370"}],"version-history":[{"count":0,"href":"https:\/\/www.oululines.fi\/en\/wp-json\/wp\/v2\/pages\/1370\/revisions"}],"up":[{"embeddable":true,"href":"https:\/\/www.oululines.fi\/en\/wp-json\/wp\/v2\/pages\/184"}],"wp:attachment":[{"href":"https:\/\/www.oululines.fi\/en\/wp-json\/wp\/v2\/media?parent=1370"}],"curies":[{"name":"wp","href":"https:\/\/api.w.org\/{rel}","templated":true}]}}