{"id":1374,"date":"2026-01-15T23:20:29","date_gmt":"2026-01-15T21:20:29","guid":{"rendered":"https:\/\/www.oululines.fi\/?page_id=1374"},"modified":"2026-05-04T08:44:32","modified_gmt":"2026-05-04T05:44:32","slug":"ms-casandra","status":"publish","type":"page","link":"https:\/\/www.oululines.fi\/en\/alukset\/ms-casandra\/","title":{"rendered":"M\/S Casandra"},"content":{"rendered":"<div data-elementor-type=\"wp-page\" data-elementor-id=\"1374\" class=\"elementor elementor-1374\" data-elementor-post-type=\"page\">\n\t\t\t\t\t\t<section class=\"elementor-section elementor-top-section elementor-element elementor-element-7a79065c elementor-section-height-min-height elementor-section-boxed elementor-section-height-default elementor-section-items-middle\" data-id=\"7a79065c\" data-element_type=\"section\" data-e-type=\"section\" data-settings=\"{&quot;background_background&quot;:&quot;classic&quot;}\">\n\t\t\t\t\t\t\t<div class=\"elementor-background-overlay\"><\/div>\n\t\t\t\t\t\t\t<div class=\"elementor-container elementor-column-gap-no\">\n\t\t\t\t\t<div class=\"elementor-column elementor-col-100 elementor-top-column elementor-element elementor-element-5cb76126 elementor-hidden-tablet elementor-hidden-mobile\" data-id=\"5cb76126\" data-element_type=\"column\" data-e-type=\"column\">\n\t\t\t<div class=\"elementor-widget-wrap\">\n\t\t\t\t\t\t\t<\/div>\n\t\t<\/div>\n\t\t\t\t\t<\/div>\n\t\t<\/section>\n\t\t\t\t<section class=\"elementor-section elementor-top-section elementor-element elementor-element-60844d0 elementor-section-boxed elementor-section-height-default elementor-section-height-default\" data-id=\"60844d0\" data-element_type=\"section\" data-e-type=\"section\">\n\t\t\t\t\t\t<div class=\"elementor-container elementor-column-gap-no\">\n\t\t\t\t\t<div class=\"elementor-column elementor-col-100 elementor-top-column elementor-element elementor-element-9147977 elementor-invisible\" data-id=\"9147977\" data-element_type=\"column\" data-e-type=\"column\" data-settings=\"{&quot;background_background&quot;:&quot;classic&quot;,&quot;animation&quot;:&quot;fadeInUp&quot;,&quot;animation_delay&quot;:&quot;500&quot;}\">\n\t\t\t<div class=\"elementor-widget-wrap elementor-element-populated\">\n\t\t\t\t\t<div class=\"elementor-background-overlay\"><\/div>\n\t\t\t\t\t\t<div class=\"elementor-element elementor-element-ee5e9e9 elementor-widget elementor-widget-heading\" data-id=\"ee5e9e9\" data-element_type=\"widget\" data-e-type=\"widget\" data-widget_type=\"heading.default\">\n\t\t\t\t\t<h3 class=\"elementor-heading-title elementor-size-default\">M\/S Casandra<\/h3>\t\t\t\t<\/div>\n\t\t\t\t<div class=\"elementor-element elementor-element-0522c64 elementor-widget elementor-widget-text-editor\" data-id=\"0522c64\" data-element_type=\"widget\" data-e-type=\"widget\" data-widget_type=\"text-editor.default\">\n\t\t\t\t\t\t\t\t\t<div class=\"elementToProof\">Built in 2012, the ship provides a stable and spacious setting for a wide range of cruises. Measuring 25 metres in length and 7.5 metres in width, it offers ample room both for passengers and for hosting events.<\/div><div>\u00a0<\/div><div class=\"elementToProof\">With a draught of 1.7 metres and a gross tonnage of 160, the ship delivers excellent stability and a comfortable journey even in varying conditions. It is powered by two 330 kW main engines (approximately 450 hp each), while two 65 kW auxiliary engines further enhance its operational reliability.<\/div><div>\u00a0<\/div><div class=\"elementToProof\">The ship can accommodate up to 300 people in total, with a maximum of 140 passengers on board at any one time. This allows for spacious and comfortable surroundings for celebrations, corporate events, and larger gatherings.<\/div>\t\t\t\t\t\t\t\t<\/div>\n\t\t\t\t<div class=\"elementor-element elementor-element-a013e99 elementor-widget elementor-widget-image\" data-id=\"a013e99\" data-element_type=\"widget\" data-e-type=\"widget\" data-widget_type=\"image.default\">\n\t\t\t\t\t\t\t\t\t\t\t\t\t\t\t<img fetchpriority=\"high\" decoding=\"async\" width=\"1195\" height=\"896\" src=\"https:\/\/www.oululines.fi\/wp-content\/uploads\/2026\/04\/Oulu-Lines-\u2013-Casandra-auringonlaskussa.webp\" class=\"attachment-full size-full wp-image-2082\" alt=\"Oulu Lines \u2013 Casandra auringonlaskussa\" srcset=\"https:\/\/www.oululines.fi\/wp-content\/uploads\/2026\/04\/Oulu-Lines-\u2013-Casandra-auringonlaskussa.webp 1195w, https:\/\/www.oululines.fi\/wp-content\/uploads\/2026\/04\/Oulu-Lines-\u2013-Casandra-auringonlaskussa-300x225.webp 300w, https:\/\/www.oululines.fi\/wp-content\/uploads\/2026\/04\/Oulu-Lines-\u2013-Casandra-auringonlaskussa-1024x768.webp 1024w, https:\/\/www.oululines.fi\/wp-content\/uploads\/2026\/04\/Oulu-Lines-\u2013-Casandra-auringonlaskussa-768x576.webp 768w, https:\/\/www.oululines.fi\/wp-content\/uploads\/2026\/04\/Oulu-Lines-\u2013-Casandra-auringonlaskussa-16x12.webp 16w, https:\/\/www.oululines.fi\/wp-content\/uploads\/2026\/04\/Oulu-Lines-\u2013-Casandra-auringonlaskussa-600x450.webp 600w\" sizes=\"(max-width: 1195px) 100vw, 1195px\" \/>\t\t\t\t\t\t\t\t\t\t\t\t\t\t\t<\/div>\n\t\t\t\t<section class=\"elementor-section elementor-inner-section elementor-element elementor-element-78a5aba elementor-section-boxed elementor-section-height-default elementor-section-height-default\" data-id=\"78a5aba\" data-element_type=\"section\" data-e-type=\"section\" data-settings=\"{&quot;background_background&quot;:&quot;classic&quot;}\">\n\t\t\t\t\t\t<div class=\"elementor-container elementor-column-gap-no\">\n\t\t\t\t\t<div class=\"elementor-column elementor-col-50 elementor-inner-column elementor-element elementor-element-1ee42fe\" data-id=\"1ee42fe\" data-element_type=\"column\" data-e-type=\"column\" data-settings=\"{&quot;background_background&quot;:&quot;classic&quot;}\">\n\t\t\t<div class=\"elementor-widget-wrap elementor-element-populated\">\n\t\t\t\t\t\t<div class=\"elementor-element elementor-element-7922b24 elementor-widget elementor-widget-heading\" data-id=\"7922b24\" data-element_type=\"widget\" data-e-type=\"widget\" data-widget_type=\"heading.default\">\n\t\t\t\t\t<h4 class=\"elementor-heading-title elementor-size-default\">Ship information<\/h4>\t\t\t\t<\/div>\n\t\t\t\t<div class=\"elementor-element elementor-element-753b1e6 elementor-widget elementor-widget-text-editor\" data-id=\"753b1e6\" data-element_type=\"widget\" data-e-type=\"widget\" data-widget_type=\"text-editor.default\">\n\t\t\t\t\t\t\t\t\t<p>\ud83d\udea2 Built: 2012<\/p><p>\ud83c\udfd7\ufe0f  Built by: Kellon Ter\u00e4svene Ky, Haukipudas<\/p><p>\ud83d\udccf Length: 25 m<\/p><p>\ud83d\udcd0 Beam: 7.5 m<\/p><p>\ud83c\udf0a Draught: 1.7 m<\/p><p>\u2696\ufe0f Gross tonnage: 160 GT<\/p><p>\u2699\ufe0f Main engines: 2 \u00d7 330 kW (approx. 450 hp), auxiliary engines: 2 \u00d7 65 kW (approx. 90 hp)<\/p><p>\ud83d\udc65 Capacity<br \/>\ud83e\ude91 Total capacity: 300<br \/>\ud83d\udea7 Maximum permitted number of passengers: 150<\/p>\t\t\t\t\t\t\t\t<\/div>\n\t\t\t\t\t<\/div>\n\t\t<\/div>\n\t\t\t\t<div class=\"elementor-column elementor-col-50 elementor-inner-column elementor-element elementor-element-2ec54b3\" data-id=\"2ec54b3\" data-element_type=\"column\" data-e-type=\"column\" data-settings=\"{&quot;background_background&quot;:&quot;classic&quot;}\">\n\t\t\t<div class=\"elementor-widget-wrap elementor-element-populated\">\n\t\t\t\t\t\t<div class=\"elementor-element elementor-element-ef0d7fb elementor-widget elementor-widget-image\" data-id=\"ef0d7fb\" data-element_type=\"widget\" data-e-type=\"widget\" data-widget_type=\"image.default\">\n\t\t\t\t\t\t\t\t\t\t\t\t\t\t\t<img decoding=\"async\" width=\"350\" height=\"196\" src=\"https:\/\/www.oululines.fi\/wp-content\/uploads\/2026\/03\/Kansi_pohjapiirros_Kemi.webp\" class=\"attachment-full size-full wp-image-970\" alt=\"\" srcset=\"https:\/\/www.oululines.fi\/wp-content\/uploads\/2026\/03\/Kansi_pohjapiirros_Kemi.webp 350w, https:\/\/www.oululines.fi\/wp-content\/uploads\/2026\/03\/Kansi_pohjapiirros_Kemi-300x168.webp 300w\" sizes=\"(max-width: 350px) 100vw, 350px\" \/>\t\t\t\t\t\t\t\t\t\t\t\t\t\t\t<\/div>\n\t\t\t\t<div class=\"elementor-element elementor-element-76d5bb4 elementor-widget elementor-widget-image\" data-id=\"76d5bb4\" data-element_type=\"widget\" data-e-type=\"widget\" data-widget_type=\"image.default\">\n\t\t\t\t\t\t\t\t\t\t\t\t\t\t\t<img decoding=\"async\" width=\"350\" height=\"215\" src=\"https:\/\/www.oululines.fi\/wp-content\/uploads\/2026\/03\/kemi_pohjapiirros.webp\" class=\"attachment-full size-full wp-image-1062\" alt=\"\" srcset=\"https:\/\/www.oululines.fi\/wp-content\/uploads\/2026\/03\/kemi_pohjapiirros.webp 350w, https:\/\/www.oululines.fi\/wp-content\/uploads\/2026\/03\/kemi_pohjapiirros-300x184.webp 300w\" sizes=\"(max-width: 350px) 100vw, 350px\" \/>\t\t\t\t\t\t\t\t\t\t\t\t\t\t\t<\/div>\n\t\t\t\t\t<\/div>\n\t\t<\/div>\n\t\t\t\t\t<\/div>\n\t\t<\/section>\n\t\t\t\t<section class=\"elementor-section elementor-inner-section elementor-element elementor-element-1138a17 elementor-section-boxed elementor-section-height-default elementor-section-height-default\" data-id=\"1138a17\" data-element_type=\"section\" data-e-type=\"section\" data-settings=\"{&quot;background_background&quot;:&quot;classic&quot;}\">\n\t\t\t\t\t\t<div class=\"elementor-container elementor-column-gap-no\">\n\t\t\t\t\t<div class=\"elementor-column elementor-col-100 elementor-inner-column elementor-element elementor-element-00947e1\" data-id=\"00947e1\" data-element_type=\"column\" data-e-type=\"column\" data-settings=\"{&quot;background_background&quot;:&quot;classic&quot;}\">\n\t\t\t<div class=\"elementor-widget-wrap elementor-element-populated\">\n\t\t\t\t\t\t<div class=\"elementor-element elementor-element-b68e6fa elementor-widget elementor-widget-gallery\" data-id=\"b68e6fa\" data-element_type=\"widget\" data-e-type=\"widget\" data-settings=\"{&quot;columns&quot;:3,&quot;gap&quot;:{&quot;unit&quot;:&quot;px&quot;,&quot;size&quot;:15,&quot;sizes&quot;:[]},&quot;gap_mobile&quot;:{&quot;unit&quot;:&quot;px&quot;,&quot;size&quot;:15,&quot;sizes&quot;:[]},&quot;aspect_ratio&quot;:&quot;1:1&quot;,&quot;lazyload&quot;:&quot;yes&quot;,&quot;gallery_layout&quot;:&quot;grid&quot;,&quot;columns_tablet&quot;:2,&quot;columns_mobile&quot;:1,&quot;gap_tablet&quot;:{&quot;unit&quot;:&quot;px&quot;,&quot;size&quot;:10,&quot;sizes&quot;:[]},&quot;content_hover_animation&quot;:&quot;fade-in&quot;}\" data-widget_type=\"gallery.default\">\n\t\t\t\t\t\t\t<div class=\"elementor-gallery__container\">\n\t\t\t\t\t\t\t<div class=\"e-gallery-item elementor-gallery-item elementor-animated-content\">\n\t\t\t\t\t<div class=\"e-gallery-image elementor-gallery-item__image\" data-thumbnail=\"https:\/\/www.oululines.fi\/wp-content\/uploads\/2026\/04\/20250614_200408-768x576.webp\" data-width=\"768\" data-height=\"576\" aria-label=\"\" role=\"img\" ><\/div>\n\t\t\t\t\t\t\t\t\t\t\t\t\t\t<\/div>\n\t\t\t\t\t\t\t<div class=\"e-gallery-item elementor-gallery-item elementor-animated-content\">\n\t\t\t\t\t<div class=\"e-gallery-image elementor-gallery-item__image\" data-thumbnail=\"https:\/\/www.oululines.fi\/wp-content\/uploads\/2026\/04\/20250829_130143-768x1024.webp\" data-width=\"768\" data-height=\"1024\" aria-label=\"\" role=\"img\" ><\/div>\n\t\t\t\t\t\t\t\t\t\t\t\t\t\t<\/div>\n\t\t\t\t\t\t\t<div class=\"e-gallery-item elementor-gallery-item elementor-animated-content\">\n\t\t\t\t\t<div class=\"e-gallery-image elementor-gallery-item__image\" data-thumbnail=\"https:\/\/www.oululines.fi\/wp-content\/uploads\/2026\/04\/20250907_170242-768x1024.webp\" data-width=\"768\" data-height=\"1024\" aria-label=\"\" role=\"img\" ><\/div>\n\t\t\t\t\t\t\t\t\t\t\t\t\t\t<\/div>\n\t\t\t\t\t\t\t<div class=\"e-gallery-item elementor-gallery-item elementor-animated-content\">\n\t\t\t\t\t<div class=\"e-gallery-image elementor-gallery-item__image\" data-thumbnail=\"https:\/\/www.oululines.fi\/wp-content\/uploads\/2026\/04\/Casandra-ovelta-nakyma-ravintolasaliin-768x576.webp\" data-width=\"768\" data-height=\"576\" aria-label=\"\" role=\"img\" ><\/div>\n\t\t\t\t\t\t\t\t\t\t\t\t\t\t<\/div>\n\t\t\t\t\t\t\t<div class=\"e-gallery-item elementor-gallery-item elementor-animated-content\">\n\t\t\t\t\t<div class=\"e-gallery-image elementor-gallery-item__image\" data-thumbnail=\"https:\/\/www.oululines.fi\/wp-content\/uploads\/2026\/04\/Casandra-ravintolasasli-3-768x576.webp\" data-width=\"768\" data-height=\"576\" aria-label=\"\" role=\"img\" ><\/div>\n\t\t\t\t\t\t\t\t\t\t\t\t\t\t<\/div>\n\t\t\t\t\t\t\t<div class=\"e-gallery-item elementor-gallery-item elementor-animated-content\">\n\t\t\t\t\t<div class=\"e-gallery-image elementor-gallery-item__image\" data-thumbnail=\"https:\/\/www.oululines.fi\/wp-content\/uploads\/2026\/04\/Casandra-sisata-768x505.webp\" data-width=\"768\" data-height=\"505\" aria-label=\"\" role=\"img\" ><\/div>\n\t\t\t\t\t\t\t\t\t\t\t\t\t\t<\/div>\n\t\t\t\t\t<\/div>\n\t\t\t\t\t<\/div>\n\t\t\t\t\t<\/div>\n\t\t<\/div>\n\t\t\t\t\t<\/div>\n\t\t<\/section>\n\t\t\t\t\t<\/div>\n\t\t<\/div>\n\t\t\t\t\t<\/div>\n\t\t<\/section>\n\t\t\t\t<\/div>","protected":false},"excerpt":{"rendered":"<p>M\/S Casandra Vuonna 2012 rakennettu alus tarjoaa vakaat ja tilavat puitteet monipuolisiin risteilyihin. Sen 25 metrin pituus ja 7,5 metrin leveys takaavat v\u00e4lj\u00e4t tilat niin matkustajille kuin tapahtumien j\u00e4rjest\u00e4miseen.\u00a0Aluksen syv\u00e4ys on 1,7 metri\u00e4 ja uppouma 160 bruttotonnia, mik\u00e4 tuo vakautta ja miellytt\u00e4v\u00e4n matkustuskokemuksen my\u00f6s vaihtelevissa olosuhteissa. Tehokkaasta kulusta vastaavat kaksi 330 kW:n (noin 450 hv) [&hellip;]<\/p>\n","protected":false},"author":1,"featured_media":0,"parent":184,"menu_order":0,"comment_status":"closed","ping_status":"closed","template":"","meta":{"footnotes":""},"class_list":["post-1374","page","type-page","status-publish","hentry"],"jetpack_sharing_enabled":true,"_links":{"self":[{"href":"https:\/\/www.oululines.fi\/en\/wp-json\/wp\/v2\/pages\/1374","targetHints":{"allow":["GET"]}}],"collection":[{"href":"https:\/\/www.oululines.fi\/en\/wp-json\/wp\/v2\/pages"}],"about":[{"href":"https:\/\/www.oululines.fi\/en\/wp-json\/wp\/v2\/types\/page"}],"author":[{"embeddable":true,"href":"https:\/\/www.oululines.fi\/en\/wp-json\/wp\/v2\/users\/1"}],"replies":[{"embeddable":true,"href":"https:\/\/www.oululines.fi\/en\/wp-json\/wp\/v2\/comments?post=1374"}],"version-history":[{"count":1,"href":"https:\/\/www.oululines.fi\/en\/wp-json\/wp\/v2\/pages\/1374\/revisions"}],"predecessor-version":[{"id":2683,"href":"https:\/\/www.oululines.fi\/en\/wp-json\/wp\/v2\/pages\/1374\/revisions\/2683"}],"up":[{"embeddable":true,"href":"https:\/\/www.oululines.fi\/en\/wp-json\/wp\/v2\/pages\/184"}],"wp:attachment":[{"href":"https:\/\/www.oululines.fi\/en\/wp-json\/wp\/v2\/media?parent=1374"}],"curies":[{"name":"wp","href":"https:\/\/api.w.org\/{rel}","templated":true}]}}