{"id":700,"date":"2026-03-18T00:04:22","date_gmt":"2026-03-17T22:04:22","guid":{"rendered":"https:\/\/www.oululines.fi\/?page_id=700"},"modified":"2026-04-28T22:14:39","modified_gmt":"2026-04-28T19:14:39","slug":"menut","status":"publish","type":"page","link":"https:\/\/www.oululines.fi\/en\/menut\/","title":{"rendered":"Menus"},"content":{"rendered":"<div data-elementor-type=\"wp-page\" data-elementor-id=\"700\" class=\"elementor elementor-700\" data-elementor-post-type=\"page\">\n\t\t\t\t\t\t<section class=\"elementor-section elementor-top-section elementor-element elementor-element-71be1f73 elementor-section-height-min-height elementor-section-boxed elementor-section-height-default elementor-section-items-middle\" data-id=\"71be1f73\" data-element_type=\"section\" data-e-type=\"section\" data-settings=\"{&quot;background_background&quot;:&quot;classic&quot;}\">\n\t\t\t\t\t\t\t<div class=\"elementor-background-overlay\"><\/div>\n\t\t\t\t\t\t\t<div class=\"elementor-container elementor-column-gap-no\">\n\t\t\t\t\t<div class=\"elementor-column elementor-col-100 elementor-top-column elementor-element elementor-element-7acb96ad elementor-hidden-tablet elementor-hidden-mobile\" data-id=\"7acb96ad\" data-element_type=\"column\" data-e-type=\"column\">\n\t\t\t<div class=\"elementor-widget-wrap\">\n\t\t\t\t\t\t\t<\/div>\n\t\t<\/div>\n\t\t\t\t\t<\/div>\n\t\t<\/section>\n\t\t\t\t<section class=\"elementor-section elementor-top-section elementor-element elementor-element-58f54f96 elementor-section-boxed elementor-section-height-default elementor-section-height-default\" data-id=\"58f54f96\" data-element_type=\"section\" data-e-type=\"section\">\n\t\t\t\t\t\t<div class=\"elementor-container elementor-column-gap-no\">\n\t\t\t\t\t<div class=\"elementor-column elementor-col-100 elementor-top-column elementor-element elementor-element-1f741374\" data-id=\"1f741374\" data-element_type=\"column\" data-e-type=\"column\">\n\t\t\t<div class=\"elementor-widget-wrap elementor-element-populated\">\n\t\t\t\t\t\t<section class=\"elementor-section elementor-inner-section elementor-element elementor-element-1e8e8849 elementor-section-boxed elementor-section-height-default elementor-section-height-default\" data-id=\"1e8e8849\" data-element_type=\"section\" data-e-type=\"section\">\n\t\t\t\t\t\t<div class=\"elementor-container elementor-column-gap-no\">\n\t\t\t\t\t<div class=\"elementor-column elementor-col-100 elementor-inner-column elementor-element elementor-element-7738c00e\" data-id=\"7738c00e\" data-element_type=\"column\" data-e-type=\"column\">\n\t\t\t<div class=\"elementor-widget-wrap elementor-element-populated\">\n\t\t\t\t\t\t<div class=\"elementor-element elementor-element-1d9230b6 elementor-invisible elementor-widget elementor-widget-heading\" data-id=\"1d9230b6\" data-element_type=\"widget\" data-e-type=\"widget\" data-settings=\"{&quot;_animation&quot;:&quot;fadeInUp&quot;,&quot;_animation_delay&quot;:&quot;500&quot;}\" data-widget_type=\"heading.default\">\n\t\t\t\t\t<h1 class=\"elementor-heading-title elementor-size-default\">Menus \u2013 A Feast On The Waves!<\/h1>\t\t\t\t<\/div>\n\t\t\t\t<div class=\"elementor-element elementor-element-ae5a2bc elementor-invisible elementor-widget elementor-widget-text-editor\" data-id=\"ae5a2bc\" data-element_type=\"widget\" data-e-type=\"widget\" data-settings=\"{&quot;_animation&quot;:&quot;fadeInUp&quot;,&quot;_animation_delay&quot;:500}\" data-widget_type=\"text-editor.default\">\n\t\t\t\t\t\t\t\t\t<div class=\"elementToProof\">On board our restaurant ship, you can enjoy high-quality, delicious meals in a unique maritime setting. Our skilled chef prepares flavorful dishes to satisfy even the most discerning palate.<\/div><div>\u00a0<\/div><div class=\"elementToProof\">Our professional waitstaff serve each dish directly to your table, allowing you to relax and enjoy your cruise to the fullest.<\/div><div>\u00a0<\/div><div class=\"elementToProof\">Choose your favourite from our <a href=\"https:\/\/www.oululines.fi\/en\/menut\/merimenu\/\">Sea Menu<\/a> and complete your cruise experience with excellent food and drink.<\/div><div><div>\u00a0<\/div><div class=\"elementToProof\"><a href=\"https:\/\/www.oululines.fi\/en\/menut\/tilausmenu\/\">For Charter Cruises,<\/a> we have put together a selection of delicious set menus with options to suit every taste. Pick your favourite and make your trip at sea even more enjoyable with a carefully curated dining package.<\/div><div>\u00a0<\/div><div class=\"elementToProof\">Our thoughtfully selected drinks menu includes welcome drinks, wines to complement your meal, as well as coffee and dessert drinks. We always take special dietary requirements and allergies into account, so every guest can enjoy the experience with complete peace of mind.<\/div><\/div>\t\t\t\t\t\t\t\t<\/div>\n\t\t\t\t<div class=\"elementor-element elementor-element-ec20a9d elementor-widget elementor-widget-image\" data-id=\"ec20a9d\" data-element_type=\"widget\" data-e-type=\"widget\" data-widget_type=\"image.default\">\n\t\t\t\t\t\t\t\t\t\t\t\t\t\t\t<img fetchpriority=\"high\" decoding=\"async\" width=\"1440\" height=\"1920\" src=\"https:\/\/www.oululines.fi\/wp-content\/uploads\/2026\/03\/Oulu-Lines-\u2013-Ruokaa-scaled.webp\" class=\"attachment-full size-full wp-image-531\" alt=\"\" srcset=\"https:\/\/www.oululines.fi\/wp-content\/uploads\/2026\/03\/Oulu-Lines-\u2013-Ruokaa-scaled.webp 1440w, https:\/\/www.oululines.fi\/wp-content\/uploads\/2026\/03\/Oulu-Lines-\u2013-Ruokaa-225x300.webp 225w, https:\/\/www.oululines.fi\/wp-content\/uploads\/2026\/03\/Oulu-Lines-\u2013-Ruokaa-768x1024.webp 768w, https:\/\/www.oululines.fi\/wp-content\/uploads\/2026\/03\/Oulu-Lines-\u2013-Ruokaa-1152x1536.webp 1152w, https:\/\/www.oululines.fi\/wp-content\/uploads\/2026\/03\/Oulu-Lines-\u2013-Ruokaa-1320x1760.webp 1320w, https:\/\/www.oululines.fi\/wp-content\/uploads\/2026\/03\/Oulu-Lines-\u2013-Ruokaa-600x800.webp 600w\" sizes=\"(max-width: 1440px) 100vw, 1440px\" \/>\t\t\t\t\t\t\t\t\t\t\t\t\t\t\t<\/div>\n\t\t\t\t\t<\/div>\n\t\t<\/div>\n\t\t\t\t\t<\/div>\n\t\t<\/section>\n\t\t\t\t\t<\/div>\n\t\t<\/div>\n\t\t\t\t\t<\/div>\n\t\t<\/section>\n\t\t\t\t<\/div>","protected":false},"excerpt":{"rendered":"<p>Menut \u2013 vesi kielell\u00e4 laineilla! Ravintolalaivassamme nautit laadukkaista ja maistuvista aterioista merellisess\u00e4 ymp\u00e4rist\u00f6ss\u00e4. Taitava laivakokkimme valmistaa herkulliset annokset my\u00f6s vaativampaan makuun.\u00a0Ammattitaitoiset tarjoilijamme tuovat annokset suoraan p\u00f6ytiin, joten voit keskitty\u00e4 rentoutumiseen ja nauttia risteilyst\u00e4 t\u00e4ysin siemauksin.\u00a0Valitse suosikkisi Merimenusta ja viimeistele risteilyel\u00e4myksesi hyv\u00e4ll\u00e4 ruoalla ja juomalla.\u00a0Tilausristeilyj\u00e4 varten olemme koonneet valmiiksi herkulliset menukokonaisuudet, joista l\u00f6ytyy vaihtoehtoja jokaiseen makuun. [&hellip;]<\/p>\n","protected":false},"author":1,"featured_media":0,"parent":0,"menu_order":0,"comment_status":"closed","ping_status":"closed","template":"","meta":{"footnotes":""},"class_list":["post-700","page","type-page","status-publish","hentry"],"jetpack_sharing_enabled":true,"_links":{"self":[{"href":"https:\/\/www.oululines.fi\/en\/wp-json\/wp\/v2\/pages\/700","targetHints":{"allow":["GET"]}}],"collection":[{"href":"https:\/\/www.oululines.fi\/en\/wp-json\/wp\/v2\/pages"}],"about":[{"href":"https:\/\/www.oululines.fi\/en\/wp-json\/wp\/v2\/types\/page"}],"author":[{"embeddable":true,"href":"https:\/\/www.oululines.fi\/en\/wp-json\/wp\/v2\/users\/1"}],"replies":[{"embeddable":true,"href":"https:\/\/www.oululines.fi\/en\/wp-json\/wp\/v2\/comments?post=700"}],"version-history":[{"count":0,"href":"https:\/\/www.oululines.fi\/en\/wp-json\/wp\/v2\/pages\/700\/revisions"}],"wp:attachment":[{"href":"https:\/\/www.oululines.fi\/en\/wp-json\/wp\/v2\/media?parent=700"}],"curies":[{"name":"wp","href":"https:\/\/api.w.org\/{rel}","templated":true}]}}