{"id":880,"date":"2026-03-21T11:54:15","date_gmt":"2026-03-21T09:54:15","guid":{"rendered":"https:\/\/www.oululines.fi\/?page_id=880"},"modified":"2026-04-28T18:03:08","modified_gmt":"2026-04-28T15:03:08","slug":"tilaus-ja-peruutusehdot","status":"publish","type":"page","link":"https:\/\/www.oululines.fi\/en\/tilaus-ja-peruutusehdot\/","title":{"rendered":"Terms &amp; Cancellation Policy"},"content":{"rendered":"<div data-elementor-type=\"wp-page\" data-elementor-id=\"880\" class=\"elementor elementor-880\" data-elementor-post-type=\"page\">\n\t\t\t\t\t\t<section class=\"elementor-section elementor-top-section elementor-element elementor-element-64605b9b elementor-section-height-min-height elementor-section-boxed elementor-section-height-default elementor-section-items-middle\" data-id=\"64605b9b\" data-element_type=\"section\" data-e-type=\"section\" data-settings=\"{&quot;background_background&quot;:&quot;classic&quot;}\">\n\t\t\t\t\t\t\t<div class=\"elementor-background-overlay\"><\/div>\n\t\t\t\t\t\t\t<div class=\"elementor-container elementor-column-gap-no\">\n\t\t\t\t\t<div class=\"elementor-column elementor-col-100 elementor-top-column elementor-element elementor-element-10b6221\" data-id=\"10b6221\" data-element_type=\"column\" data-e-type=\"column\">\n\t\t\t<div class=\"elementor-widget-wrap\">\n\t\t\t\t\t\t\t<\/div>\n\t\t<\/div>\n\t\t\t\t\t<\/div>\n\t\t<\/section>\n\t\t<div class=\"elementor-element elementor-element-cd0fe26 e-flex e-con-boxed e-con e-parent\" data-id=\"cd0fe26\" data-element_type=\"container\" data-e-type=\"container\">\n\t\t\t\t\t<div class=\"e-con-inner\">\n\t\t\t\t<div class=\"elementor-element elementor-element-e8ea88d elementor-widget elementor-widget-heading\" data-id=\"e8ea88d\" data-element_type=\"widget\" data-e-type=\"widget\" data-widget_type=\"heading.default\">\n\t\t\t\t\t<h1 class=\"elementor-heading-title elementor-size-default\">Booking and Cancellation Terms<\/h1>\t\t\t\t<\/div>\n\t\t\t\t\t<\/div>\n\t\t\t\t<\/div>\n\t\t\t\t<section class=\"elementor-section elementor-top-section elementor-element elementor-element-7d317620 elementor-section-boxed elementor-section-height-default elementor-section-height-default\" data-id=\"7d317620\" data-element_type=\"section\" data-e-type=\"section\">\n\t\t\t\t\t\t<div class=\"elementor-container elementor-column-gap-no\">\n\t\t\t\t\t<div class=\"elementor-column elementor-col-50 elementor-top-column elementor-element elementor-element-26681713 elementor-invisible\" data-id=\"26681713\" data-element_type=\"column\" data-e-type=\"column\" data-settings=\"{&quot;animation&quot;:&quot;fadeIn&quot;}\">\n\t\t\t<div class=\"elementor-widget-wrap elementor-element-populated\">\n\t\t\t\t\t\t<div class=\"elementor-element elementor-element-59262bd elementor-widget elementor-widget-image\" data-id=\"59262bd\" data-element_type=\"widget\" data-e-type=\"widget\" data-widget_type=\"image.default\">\n\t\t\t\t\t\t\t\t\t\t\t\t\t\t\t<img fetchpriority=\"high\" decoding=\"async\" width=\"1440\" height=\"1920\" src=\"https:\/\/www.oululines.fi\/wp-content\/uploads\/2026\/03\/Oulu-Lines-\u2013-Ikkuna-scaled.webp\" class=\"attachment-full size-full wp-image-890\" alt=\"Oulu Lines \u2013 Ikkuna\" srcset=\"https:\/\/www.oululines.fi\/wp-content\/uploads\/2026\/03\/Oulu-Lines-\u2013-Ikkuna-scaled.webp 1440w, https:\/\/www.oululines.fi\/wp-content\/uploads\/2026\/03\/Oulu-Lines-\u2013-Ikkuna-225x300.webp 225w, https:\/\/www.oululines.fi\/wp-content\/uploads\/2026\/03\/Oulu-Lines-\u2013-Ikkuna-768x1024.webp 768w, https:\/\/www.oululines.fi\/wp-content\/uploads\/2026\/03\/Oulu-Lines-\u2013-Ikkuna-1152x1536.webp 1152w, https:\/\/www.oululines.fi\/wp-content\/uploads\/2026\/03\/Oulu-Lines-\u2013-Ikkuna-1320x1760.webp 1320w, https:\/\/www.oululines.fi\/wp-content\/uploads\/2026\/03\/Oulu-Lines-\u2013-Ikkuna-600x800.webp 600w\" sizes=\"(max-width: 1440px) 100vw, 1440px\" \/>\t\t\t\t\t\t\t\t\t\t\t\t\t\t\t<\/div>\n\t\t\t\t<div class=\"elementor-element elementor-element-5504dc4d elementor-absolute elementor-widget elementor-widget-spacer\" data-id=\"5504dc4d\" data-element_type=\"widget\" data-e-type=\"widget\" data-settings=\"{&quot;_position&quot;:&quot;absolute&quot;}\" data-widget_type=\"spacer.default\">\n\t\t\t\t\t\t\t<div class=\"elementor-spacer\">\n\t\t\t<div class=\"elementor-spacer-inner\"><\/div>\n\t\t<\/div>\n\t\t\t\t\t\t<\/div>\n\t\t\t\t\t<\/div>\n\t\t<\/div>\n\t\t\t\t<div class=\"elementor-column elementor-col-50 elementor-top-column elementor-element elementor-element-67e1e17e\" data-id=\"67e1e17e\" data-element_type=\"column\" data-e-type=\"column\">\n\t\t\t<div class=\"elementor-widget-wrap elementor-element-populated\">\n\t\t\t\t\t\t<div class=\"elementor-element elementor-element-70e9f133 elementor-invisible elementor-widget elementor-widget-heading\" data-id=\"70e9f133\" data-element_type=\"widget\" data-e-type=\"widget\" data-settings=\"{&quot;_animation&quot;:&quot;fadeInUp&quot;,&quot;_animation_delay&quot;:&quot;600&quot;}\" data-widget_type=\"heading.default\">\n\t\t\t\t\t<h2 class=\"elementor-heading-title elementor-size-default\">Booking Terms<\/h2>\t\t\t\t<\/div>\n\t\t\t\t<div class=\"elementor-element elementor-element-4eec2f82 elementor-invisible elementor-widget elementor-widget-text-editor\" data-id=\"4eec2f82\" data-element_type=\"widget\" data-e-type=\"widget\" data-settings=\"{&quot;_animation&quot;:&quot;fadeInUp&quot;,&quot;_animation_delay&quot;:&quot;700&quot;}\" data-widget_type=\"text-editor.default\">\n\t\t\t\t\t\t\t\t\t<p>Both public cruises and private charter cruises can be booked through the <a href=\"https:\/\/www.oululines.fi\/en\/tilaa-risteily\/\">booking page.<\/a>.<\/p><p>For public cruises, places are reserved through the booking calendar and paid for at the end of the booking process. Accepted payment methods include debit and credit cards, as well as Apple Pay and Google Pay.<\/p><p>Private charter cruises are booked using the form on the booking page and paid by invoice, which will be sent separately to the address you provide.<\/p>\t\t\t\t\t\t\t\t<\/div>\n\t\t\t\t\t<\/div>\n\t\t<\/div>\n\t\t\t\t\t<\/div>\n\t\t<\/section>\n\t\t\t\t<section class=\"elementor-section elementor-top-section elementor-element elementor-element-d4e5261 elementor-section-boxed elementor-section-height-default elementor-section-height-default\" data-id=\"d4e5261\" data-element_type=\"section\" data-e-type=\"section\">\n\t\t\t\t\t\t<div class=\"elementor-container elementor-column-gap-no\">\n\t\t\t\t\t<div class=\"elementor-column elementor-col-50 elementor-top-column elementor-element elementor-element-e894dcf\" data-id=\"e894dcf\" data-element_type=\"column\" data-e-type=\"column\">\n\t\t\t<div class=\"elementor-widget-wrap elementor-element-populated\">\n\t\t\t\t\t\t<div class=\"elementor-element elementor-element-6bc634c elementor-invisible elementor-widget elementor-widget-heading\" data-id=\"6bc634c\" data-element_type=\"widget\" data-e-type=\"widget\" data-settings=\"{&quot;_animation&quot;:&quot;fadeInUp&quot;,&quot;_animation_delay&quot;:&quot;600&quot;}\" data-widget_type=\"heading.default\">\n\t\t\t\t\t<h2 class=\"elementor-heading-title elementor-size-default\">Cancellation Terms<\/h2>\t\t\t\t<\/div>\n\t\t\t\t<div class=\"elementor-element elementor-element-023656f elementor-invisible elementor-widget elementor-widget-text-editor\" data-id=\"023656f\" data-element_type=\"widget\" data-e-type=\"widget\" data-settings=\"{&quot;_animation&quot;:&quot;fadeInUp&quot;,&quot;_animation_delay&quot;:&quot;700&quot;}\" data-widget_type=\"text-editor.default\">\n\t\t\t\t\t\t\t\t\t<p>These cancellation terms apply to both public cruises and private charter cruises.<\/p><p>Any cancellation must be made in writing by email to <a href=\"mailto:toimisto@oululines.fi\">toimisto@oululines.fi<\/a>.<\/p><p>The effective cancellation date is the date on which Oulu Lines Oy has received the written notice of cancellation.<\/p><p>If the cancellation is made more than 30 days before the booked cruise date, Oulu Lines will not charge a cancellation fee.<\/p><p>If the cancellation is made 8\u201314 days before the booked cruise date, a cancellation fee of 50 % of the total booking amount will be charged (cruise tickets\/ship hire and any restaurant services ordered).<\/p><p>If the cancellation is made 0\u20137 days before the booked cruise date, a cancellation fee of 100 % of the total booking amount will be charged (cruise tickets\/ship hire and any restaurant services ordered).<\/p><p>Bringing and consuming your own food and drinks on board is prohibited (in accordance with alcohol legislation).<\/p><p>The minimum number of passengers required for departure is 35.<\/p><p>Invoicing must always be agreed in advance.<\/p>\t\t\t\t\t\t\t\t<\/div>\n\t\t\t\t\t<\/div>\n\t\t<\/div>\n\t\t\t\t<div class=\"elementor-column elementor-col-50 elementor-top-column elementor-element elementor-element-97ebb11 elementor-invisible\" data-id=\"97ebb11\" data-element_type=\"column\" data-e-type=\"column\" data-settings=\"{&quot;animation&quot;:&quot;fadeIn&quot;}\">\n\t\t\t<div class=\"elementor-widget-wrap elementor-element-populated\">\n\t\t\t\t\t\t<div class=\"elementor-element elementor-element-c499f35 elementor-widget elementor-widget-image\" data-id=\"c499f35\" data-element_type=\"widget\" data-e-type=\"widget\" data-widget_type=\"image.default\">\n\t\t\t\t\t\t\t\t\t\t\t\t\t\t\t<img decoding=\"async\" width=\"1440\" height=\"1920\" src=\"https:\/\/www.oululines.fi\/wp-content\/uploads\/2026\/03\/Oulu-Lines-\u2013-Risteilylla-scaled.webp\" class=\"attachment-full size-full wp-image-891\" alt=\"\" srcset=\"https:\/\/www.oululines.fi\/wp-content\/uploads\/2026\/03\/Oulu-Lines-\u2013-Risteilylla-scaled.webp 1440w, https:\/\/www.oululines.fi\/wp-content\/uploads\/2026\/03\/Oulu-Lines-\u2013-Risteilylla-225x300.webp 225w, https:\/\/www.oululines.fi\/wp-content\/uploads\/2026\/03\/Oulu-Lines-\u2013-Risteilylla-768x1024.webp 768w, https:\/\/www.oululines.fi\/wp-content\/uploads\/2026\/03\/Oulu-Lines-\u2013-Risteilylla-1152x1536.webp 1152w, https:\/\/www.oululines.fi\/wp-content\/uploads\/2026\/03\/Oulu-Lines-\u2013-Risteilylla-1320x1760.webp 1320w, https:\/\/www.oululines.fi\/wp-content\/uploads\/2026\/03\/Oulu-Lines-\u2013-Risteilylla-600x800.webp 600w\" sizes=\"(max-width: 1440px) 100vw, 1440px\" \/>\t\t\t\t\t\t\t\t\t\t\t\t\t\t\t<\/div>\n\t\t\t\t<div class=\"elementor-element elementor-element-9cb143b elementor-absolute elementor-widget elementor-widget-spacer\" data-id=\"9cb143b\" data-element_type=\"widget\" data-e-type=\"widget\" data-settings=\"{&quot;_position&quot;:&quot;absolute&quot;}\" data-widget_type=\"spacer.default\">\n\t\t\t\t\t\t\t<div class=\"elementor-spacer\">\n\t\t\t<div class=\"elementor-spacer-inner\"><\/div>\n\t\t<\/div>\n\t\t\t\t\t\t<\/div>\n\t\t\t\t\t<\/div>\n\t\t<\/div>\n\t\t\t\t\t<\/div>\n\t\t<\/section>\n\t\t\t\t<\/div>","protected":false},"excerpt":{"rendered":"<p>Tilaus- ja peruutusehtomme Tilausehdot Sek\u00e4 yleis\u00f6- ett\u00e4 tilausristeilyt tilataan varaussivulta. Yleis\u00f6risteilylle paikka varataan varauskalenterista ja maksetaan varausprosessin lopuksi. Maksutapoja ovat pankki- ja luottokortit sek\u00e4 Apple Pay ja Google Pay. Tilausristeilyt varataan varaussivulla olevalla lomakkeella ja maksetaan laskulla, jonka l\u00e4het\u00e4mme ilmoittamaanne osoitteeseen erikseen. Peruutusehdot Peruutusehdot koskevat sek\u00e4 yleis\u00f6- ett\u00e4 tilausristeilyj\u00e4. Peruutus on teht\u00e4v\u00e4 kirjallisesti s\u00e4hk\u00f6postitse osoitteeseen [&hellip;]<\/p>\n","protected":false},"author":1,"featured_media":0,"parent":0,"menu_order":0,"comment_status":"closed","ping_status":"closed","template":"","meta":{"footnotes":""},"class_list":["post-880","page","type-page","status-publish","hentry"],"jetpack_sharing_enabled":true,"_links":{"self":[{"href":"https:\/\/www.oululines.fi\/en\/wp-json\/wp\/v2\/pages\/880","targetHints":{"allow":["GET"]}}],"collection":[{"href":"https:\/\/www.oululines.fi\/en\/wp-json\/wp\/v2\/pages"}],"about":[{"href":"https:\/\/www.oululines.fi\/en\/wp-json\/wp\/v2\/types\/page"}],"author":[{"embeddable":true,"href":"https:\/\/www.oululines.fi\/en\/wp-json\/wp\/v2\/users\/1"}],"replies":[{"embeddable":true,"href":"https:\/\/www.oululines.fi\/en\/wp-json\/wp\/v2\/comments?post=880"}],"version-history":[{"count":0,"href":"https:\/\/www.oululines.fi\/en\/wp-json\/wp\/v2\/pages\/880\/revisions"}],"wp:attachment":[{"href":"https:\/\/www.oululines.fi\/en\/wp-json\/wp\/v2\/media?parent=880"}],"curies":[{"name":"wp","href":"https:\/\/api.w.org\/{rel}","templated":true}]}}